{"id":4752,"date":"2024-11-12T19:05:05","date_gmt":"2024-11-12T19:05:05","guid":{"rendered":"https:\/\/arkittec.com\/arquitectos\/?page_id=4752"},"modified":"2025-02-26T08:45:04","modified_gmt":"2025-02-26T08:45:04","slug":"aviso-legal","status":"publish","type":"page","link":"https:\/\/arkittec.com\/arquitectos\/aviso-legal\/","title":{"rendered":"Aviso legal"},"content":{"rendered":"<p>[et_pb_section fb_built=\u00bb1&#8243; _builder_version=\u00bb4.27.2&#8243; _module_preset=\u00bbdefault\u00bb global_colors_info=\u00bb{}\u00bb][et_pb_row _builder_version=\u00bb4.27.2&#8243; _module_preset=\u00bbdefault\u00bb global_colors_info=\u00bb{}\u00bb][et_pb_column type=\u00bb4_4&#8243; _builder_version=\u00bb4.27.2&#8243; _module_preset=\u00bbdefault\u00bb global_colors_info=\u00bb{}\u00bb][et_pb_text _builder_version=\u00bb4.27.2&#8243; _module_preset=\u00bbdefault\u00bb global_colors_info=\u00bb{}\u00bb]<\/p>\n<p><strong>AVISO LEGAL<\/strong><\/p>\n<p>El acceso y uso de este sitio web est\u00e1 sujeto a las presentes condiciones de uso, el hecho de acceder y usar estas p\u00e1ginas implica la aceptaci\u00f3n plena y sin reservas de las presentes condiciones, por lo que le recomendamos que las lea atentamente.<\/p>\n<p>El usuario se compromete a utilizar la p\u00e1gina web de conformidad con la ley, el presente aviso legal, reglamentos e instrucciones puestos en su conocimiento, as\u00ed como la moral, las buenas costumbres generalmente aceptadas y el orden p\u00fablico.<\/p>\n<p><strong>PROPIEDAD INTELECTUAL E INDUSTRIAL<\/strong><\/p>\n<p>Todos los contenidos de la p\u00e1gina web de\u00a0<a href=\"http:\/\/www.pablofalconarquitecto.com\/\"><strong>arkittec.com <\/strong><\/a>ya sean fotograf\u00edas, im\u00e1genes, dibujos, textos, audio, v\u00eddeo, software, logotipos y dise\u00f1o, est\u00e1n protegidos por la normativa de Propiedad Intelectual e Industrial. Los derechos sobre los contenidos pertenecen a <strong>Do\u00f1a<\/strong> <strong>M\u00aa Teresa Gonz\u00e1lez Fern\u00e1ndez y Don Diego Mart\u00ednez Montejano (en adelante la empresa)<\/strong>\u00a0o en su caso, a terceros.<\/p>\n<p>En ning\u00fan caso el acceso a nuestra p\u00e1gina web implica cesi\u00f3n, transmisi\u00f3n o cualquier otro tipo de renuncia, ni total ni parcial, de los derechos de Propiedad Intelectual o Industrial. El usuario \u00fanicamente podr\u00e1 visualizar y obtener copia privada de los contenidos siempre y cuando dicha copia sea, \u00fanica y exclusivamente, para su uso personal y privado, quedando terminantemente prohibida su utilizaci\u00f3n para fines comerciales. El usuario del sitio web deber\u00e1 abstenerse de suprimir, alterar, eludir o manipular cualquier dispositivo de protecci\u00f3n o sistemas de seguridad que puedan estar instalados en la misma.<\/p>\n<p><strong>POL\u00cdTICA DE PROTECCI\u00d3N DE DATOS DE CAR\u00c1CTER PERSONAL<\/strong><\/p>\n<p>La empresa tiene definida su pol\u00edtica de protecci\u00f3n de datos de conformidad con lo establecido en la Ley Org\u00e1nica 15\/1999 de protecci\u00f3n de datos de car\u00e1cter personal y el R.D. 1720\/2007 de desarrollo de la ley, respecto a los datos que libre y voluntariamente usted facilite a trav\u00e9s de nuestra p\u00e1gina web.<\/p>\n<p>En cumplimiento de lo establecido en la Ley Org\u00e1nica 15\/1999, de 13 de diciembre, sobre Protecci\u00f3n de Datos de Car\u00e1cter Personal, le informamos que los personales ser\u00e1n tratados y quedar\u00e1n incorporados en un fichero cuyo titular es\u00a0<strong>la empresa.<\/strong><\/p>\n<p>La finalidad de dicho fichero es la correcta gesti\u00f3n de la relaci\u00f3n comercial entre su persona o empresa y Do\u00f1a Mar\u00eda Teresa Gonz\u00e1lez Fern\u00e1ndez y D. Diego Mart\u00ednez Montejano. Asimismo, le informamos que usted puede ejercitar los derechos de acceso, rectificaci\u00f3n, cancelaci\u00f3n y oposici\u00f3n en los t\u00e9rminos establecidos en la normativa vigente dirigi\u00e9ndose a Do\u00f1a Mar\u00eda Teresa Gonz\u00e1lez Fern\u00e1ndez y D. Diego Mart\u00ednez Montejano, mediante correo electr\u00f3nico.<\/p>\n<p><strong>COMUNICACIONES COMERCIALES<\/strong><\/p>\n<p>Asimismo ponemos en su conocimiento, de conformidad con lo establecido en los art\u00edculos 20 y 21 de la Ley 34\/2002 sobre Servicios de la Sociedad de la Informaci\u00f3n y Comercio Electr\u00f3nico, que los datos que usted nos facilite los utilizaremos para efectuar posteriores comunicaciones comerciales sobre nuestros productos y servicios que puedan resultar de su inter\u00e9s, sin perjuicio del derecho que usted tiene de revocar en cualquier momento el consentimiento prestado para la recepci\u00f3n de comunicaciones comerciales, dirigi\u00e9ndose por escrito a la direcci\u00f3n postal que aparece m\u00e1s abajo.<\/p>\n<p><strong>OTRAS CONDICIONES Y NOTIFICACIONES<\/strong><\/p>\n<p>La empresa se reserva el derecho a modificar en cualquier momento los contenidos de esta web site.<\/p>\n<p>El presente Aviso Legal y las relaciones que se establezcan entre el usuario y Do\u00f1a Mar\u00eda Teresa Gonz\u00e1lez Fern\u00e1ndez y D. Diego Mart\u00ednez Montejano se regir\u00e1n por la legislaci\u00f3n espa\u00f1ola y se someten a la jurisdicci\u00f3n de los Juzgados y Tribunales de Ourense.<\/p>\n<p>Todas las notificaciones por parte del usuario a Do\u00f1a Mar\u00eda Teresa Gonz\u00e1lez Fern\u00e1ndez y D. Diego Mart\u00ednez Montejano se considerar\u00e1n eficaces a todos los efectos cuando se dirijan al Servicio de Atenci\u00f3n al Cliente por correo electr\u00f3nico a la direcci\u00f3n de e-mail abajo presente.<\/p>\n<p><strong>ESTUDIO DE ARQUITECTURA ARKITTEC<\/strong><br \/>Plaza de Santa B\u00e1rbara 4, 4.\u00ba Izquierda<br \/>28004 Madrid (Espa\u00f1a)<\/p>\n<p>Tel\u00e9fono: 91 166 09 15<br \/>E-mail:\u00a0<a href=\"mailto:%3Cspan%20id=\">Esta direcci\u00f3n de correo electr\u00f3nico est\u00e1 protegida contra spambots. Usted necesita tener Javascript activado para poder verla. dmm@arkittec.com<\/a><\/p>\n<p>&nbsp;<\/p>\n<p>[\/et_pb_text][\/et_pb_column][\/et_pb_row][\/et_pb_section][et_pb_section fb_built=\u00bb1&#8243; _builder_version=\u00bb4.27.2&#8243; _module_preset=\u00bbdefault\u00bb max_height=\u00bb12vw\u00bb max_height_tablet=\u00bb27vw\u00bb max_height_phone=\u00bb60vw\u00bb max_height_last_edited=\u00bbon|phone\u00bb custom_margin=\u00bb||18px|||\u00bb custom_padding=\u00bb||||false|false\u00bb box_shadow_style=\u00bbpreset6&#8243; box_shadow_vertical=\u00bb19px\u00bb box_shadow_blur=\u00bb27px\u00bb box_shadow_spread=\u00bb-14px\u00bb global_module=\u00bb4722&#8243; global_colors_info=\u00bb{}\u00bb][et_pb_row _builder_version=\u00bb4.27.2&#8243; _module_preset=\u00bbdefault\u00bb min_height_tablet=\u00bb\u00bb min_height_phone=\u00bb\u00bb min_height_last_edited=\u00bbon|desktop\u00bb global_colors_info=\u00bb{}\u00bb][et_pb_column type=\u00bb4_4&#8243; _builder_version=\u00bb4.27.2&#8243; _module_preset=\u00bbdefault\u00bb global_colors_info=\u00bb{}\u00bb][et_pb_image src=\u00bbhttps:\/\/arkittec.com\/arquitectos\/wp-content\/uploads\/2024\/11\/Arkittec_Loogo_DINa.svg\u00bb title_text=\u00bbArkittec_Loogo_DINa\u00bb url=\u00bbhttps:\/\/arkittec.com\/\u00bb align=\u00bbcenter\u00bb _builder_version=\u00bb4.27.2&#8243; _module_preset=\u00bbdefault\u00bb module_alignment=\u00bbcenter\u00bb max_height=\u00bb3vw\u00bb max_height_tablet=\u00bb8vw\u00bb max_height_phone=\u00bb14vw\u00bb max_height_last_edited=\u00bbon|phone\u00bb custom_margin=\u00bb8px||||false|false\u00bb custom_margin_tablet=\u00bb-50px||||false|false\u00bb custom_margin_phone=\u00bb-14px||||false|false\u00bb custom_margin_last_edited=\u00bbon|phone\u00bb global_colors_info=\u00bb{}\u00bb][\/et_pb_image][et_pb_text _builder_version=\u00bb4.27.2&#8243; _module_preset=\u00bbdefault\u00bb text_orientation=\u00bbcenter\u00bb custom_margin=\u00bb-1vw||1vw||false|false\u00bb custom_margin_tablet=\u00bb-1vw||1vw||false|false\u00bb custom_margin_phone=\u00bb-1vw||||false|false\u00bb custom_margin_last_edited=\u00bbon|desktop\u00bb text_font_size_tablet=\u00bb14px\u00bb text_font_size_phone=\u00bb12px\u00bb text_font_size_last_edited=\u00bbon|phone\u00bb text_line_height_tablet=\u00bb\u00bb text_line_height_phone=\u00bb1.1em\u00bb text_line_height_last_edited=\u00bbon|phone\u00bb global_colors_info=\u00bb{}\u00bb]<\/p>\n<p style=\"text-align: center;\"><a href=\"https:\/\/arkittec.com\/\">Arkittec<\/a> <span style=\"color: #ff0000;\"><strong>|<\/strong><\/span> <a href=\"https:\/\/maps.app.goo.gl\/Bhgx4TRVH19AWmd48\" target=\"_blank\" rel=\"noopener\">Plaza de Santa B\u00e1rbara 4, 4.\u00ba izquierda. Madrid 28004<\/a> <span style=\"color: #ff0000;\"><strong>|<\/strong><\/span> <a href=\"tel:+34607794855\">607794855 <\/a><span style=\"color: #ff0000;\"><strong>|<\/strong><\/span> <a href=\"tel:+34687733827\">687733827\u00a0<\/a> <span style=\"color: #ff0000;\"><strong>|<\/strong><\/span> <a href=\"https:\/\/arkittec.com\/arquitectos\/aviso-legal\/\">Aviso legal<\/a><\/p>\n<p>[\/et_pb_text][et_pb_social_media_follow _builder_version=\u00bb4.27.2&#8243; _module_preset=\u00bbdefault\u00bb text_orientation=\u00bbcenter\u00bb custom_margin=\u00bb1vw||||false|false\u00bb custom_margin_tablet=\u00bb1.6vw||||false|false\u00bb custom_margin_phone=\u00bb5vw||||false|false\u00bb custom_margin_last_edited=\u00bbon|desktop\u00bb custom_padding=\u00bb0px||||false|false\u00bb global_colors_info=\u00bb{}\u00bb][et_pb_social_media_follow_network social_network=\u00bbwhatsapp\u00bb url=\u00bbhttps:\/\/wa.me\/34607794855&#8243; icon_color=\u00bb#FFFFFF\u00bb use_icon_font_size=\u00bbon\u00bb icon_font_size=\u00bb1vw\u00bb icon_font_size_tablet=\u00bb2vw\u00bb icon_font_size_phone=\u00bb5vw\u00bb icon_font_size_last_edited=\u00bbon|phone\u00bb _builder_version=\u00bb4.27.2&#8243; _module_preset=\u00bbdefault\u00bb background_color=\u00bb#BE0202&#8243; background_enable_color=\u00bbon\u00bb global_colors_info=\u00bb{}\u00bb icon_font_size__hover_enabled=\u00bboff|desktop\u00bb icon_color__hover_enabled=\u00bboff|desktop\u00bb background__hover_enabled=\u00bbon|hover\u00bb background_color__hover=\u00bbrgba(190,2,2,0.24)\u00bb background_enable_color__hover=\u00bbon\u00bb follow_button=\u00bboff\u00bb url_new_window=\u00bbon\u00bb]whatsapp[\/et_pb_social_media_follow_network][et_pb_social_media_follow_network social_network=\u00bbfacebook\u00bb url=\u00bbhttps:\/\/www.facebook.com\/arkittec\/\u00bb icon_color=\u00bb#FFFFFF\u00bb use_icon_font_size=\u00bbon\u00bb icon_font_size=\u00bb1vw\u00bb icon_font_size_tablet=\u00bb2vw\u00bb icon_font_size_phone=\u00bb5vw\u00bb icon_font_size_last_edited=\u00bbon|phone\u00bb _builder_version=\u00bb4.27.2&#8243; _module_preset=\u00bbdefault\u00bb background_color=\u00bb#BE0202&#8243; background_enable_color=\u00bbon\u00bb global_colors_info=\u00bb{}\u00bb background__hover_enabled=\u00bbon|hover\u00bb background_color__hover=\u00bbrgba(190,2,2,0.24)\u00bb background_enable_color__hover=\u00bbon\u00bb follow_button=\u00bboff\u00bb url_new_window=\u00bbon\u00bb]facebook[\/et_pb_social_media_follow_network][et_pb_social_media_follow_network social_network=\u00bblinkedin\u00bb url=\u00bbhttps:\/\/www.linkedin.com\/company\/arkittec\/\u00bb icon_color=\u00bb#FFFFFF\u00bb use_icon_font_size=\u00bbon\u00bb icon_font_size=\u00bb1vw\u00bb icon_font_size_tablet=\u00bb2vw\u00bb icon_font_size_phone=\u00bb5vw\u00bb icon_font_size_last_edited=\u00bbon|phone\u00bb _builder_version=\u00bb4.27.2&#8243; _module_preset=\u00bbdefault\u00bb background_color=\u00bb#BE0202&#8243; background_enable_color=\u00bbon\u00bb global_colors_info=\u00bb{}\u00bb background__hover_enabled=\u00bbon|hover\u00bb background_color__hover=\u00bbrgba(190,2,2,0.24)\u00bb background_enable_color__hover=\u00bbon\u00bb follow_button=\u00bboff\u00bb url_new_window=\u00bbon\u00bb]linkedin[\/et_pb_social_media_follow_network][et_pb_social_media_follow_network social_network=\u00bbinstagram\u00bb url=\u00bbhttps:\/\/www.instagram.com\/arkittec\/\u00bb icon_color=\u00bb#FFFFFF\u00bb use_icon_font_size=\u00bbon\u00bb icon_font_size=\u00bb1vw\u00bb icon_font_size_tablet=\u00bb2vw\u00bb icon_font_size_phone=\u00bb5vw\u00bb icon_font_size_last_edited=\u00bbon|phone\u00bb _builder_version=\u00bb4.27.2&#8243; _module_preset=\u00bbdefault\u00bb background_color=\u00bb#BE0202&#8243; background_enable_color=\u00bbon\u00bb global_colors_info=\u00bb{}\u00bb background__hover_enabled=\u00bbon|hover\u00bb background_color__hover=\u00bbrgba(190,2,2,0.24)\u00bb background_enable_color__hover=\u00bbon\u00bb follow_button=\u00bboff\u00bb url_new_window=\u00bbon\u00bb]instagram[\/et_pb_social_media_follow_network][\/et_pb_social_media_follow][et_pb_text _builder_version=\u00bb4.27.3&#8243; _module_preset=\u00bbdefault\u00bb text_font_size=\u00bb12px\u00bb custom_margin=\u00bb-30px||||false|false\u00bb custom_margin_tablet=\u00bb-23px||||false|false\u00bb custom_margin_phone=\u00bb-27px||||false|false\u00bb custom_margin_last_edited=\u00bbon|phone\u00bb text_font_size_tablet=\u00bb12px\u00bb text_font_size_phone=\u00bb12px\u00bb text_font_size_last_edited=\u00bbon|phone\u00bb global_colors_info=\u00bb{}\u00bb]<\/p>\n<p style=\"text-align: center;\">Dise\u00f1o web Arkittec + Ideaweb<\/p>\n<p>[\/et_pb_text][\/et_pb_column][\/et_pb_row][\/et_pb_section]<\/p>\n","protected":false},"excerpt":{"rendered":"<p>AVISO LEGAL El acceso y uso de este sitio web est\u00e1 sujeto a las presentes condiciones de uso, el hecho de acceder y usar estas p\u00e1ginas implica la aceptaci\u00f3n plena y sin reservas de las presentes condiciones, por lo que le recomendamos que las lea atentamente. El usuario se compromete a utilizar la p\u00e1gina web [&hellip;]<\/p>\n","protected":false},"author":2,"featured_media":0,"parent":0,"menu_order":0,"comment_status":"closed","ping_status":"closed","template":"","meta":{"_et_pb_use_builder":"on","_et_pb_old_content":"","_et_gb_content_width":"","footnotes":""},"class_list":["post-4752","page","type-page","status-publish","hentry"],"yoast_head":"<!-- This site is optimized with the Yoast SEO plugin v24.5 - https:\/\/yoast.com\/wordpress\/plugins\/seo\/ -->\n<title>Aviso legal - Arkittec<\/title>\n<meta name=\"robots\" content=\"noindex, follow\" \/>\n<meta property=\"og:locale\" content=\"es_ES\" \/>\n<meta property=\"og:type\" content=\"article\" \/>\n<meta property=\"og:title\" content=\"Aviso legal - Arkittec\" \/>\n<meta property=\"og:description\" content=\"AVISO LEGAL El acceso y uso de este sitio web est\u00e1 sujeto a las presentes condiciones de uso, el hecho de acceder y usar estas p\u00e1ginas implica la aceptaci\u00f3n plena y sin reservas de las presentes condiciones, por lo que le recomendamos que las lea atentamente. El usuario se compromete a utilizar la p\u00e1gina web [&hellip;]\" \/>\n<meta property=\"og:url\" content=\"https:\/\/arkittec.com\/arquitectos\/aviso-legal\/\" \/>\n<meta property=\"og:site_name\" content=\"Arkittec\" \/>\n<meta property=\"article:modified_time\" content=\"2025-02-26T08:45:04+00:00\" \/>\n<meta name=\"twitter:card\" content=\"summary_large_image\" \/>\n<meta name=\"twitter:label1\" content=\"Tiempo de lectura\" \/>\n\t<meta name=\"twitter:data1\" content=\"4 minutos\" \/>\n<script type=\"application\/ld+json\" class=\"yoast-schema-graph\">{\"@context\":\"https:\/\/schema.org\",\"@graph\":[{\"@type\":\"WebPage\",\"@id\":\"https:\/\/arkittec.com\/arquitectos\/aviso-legal\/\",\"url\":\"https:\/\/arkittec.com\/arquitectos\/aviso-legal\/\",\"name\":\"Aviso legal - Arkittec\",\"isPartOf\":{\"@id\":\"https:\/\/arkittec.com\/arquitectos\/#website\"},\"datePublished\":\"2024-11-12T19:05:05+00:00\",\"dateModified\":\"2025-02-26T08:45:04+00:00\",\"breadcrumb\":{\"@id\":\"https:\/\/arkittec.com\/arquitectos\/aviso-legal\/#breadcrumb\"},\"inLanguage\":\"es\",\"potentialAction\":[{\"@type\":\"ReadAction\",\"target\":[\"https:\/\/arkittec.com\/arquitectos\/aviso-legal\/\"]}]},{\"@type\":\"BreadcrumbList\",\"@id\":\"https:\/\/arkittec.com\/arquitectos\/aviso-legal\/#breadcrumb\",\"itemListElement\":[{\"@type\":\"ListItem\",\"position\":1,\"name\":\"Portada\",\"item\":\"https:\/\/arkittec.com\/arquitectos\/\"},{\"@type\":\"ListItem\",\"position\":2,\"name\":\"Aviso legal\"}]},{\"@type\":\"WebSite\",\"@id\":\"https:\/\/arkittec.com\/arquitectos\/#website\",\"url\":\"https:\/\/arkittec.com\/arquitectos\/\",\"name\":\"Arkittec\",\"description\":\"Arquitectos Madrid\",\"potentialAction\":[{\"@type\":\"SearchAction\",\"target\":{\"@type\":\"EntryPoint\",\"urlTemplate\":\"https:\/\/arkittec.com\/arquitectos\/?s={search_term_string}\"},\"query-input\":{\"@type\":\"PropertyValueSpecification\",\"valueRequired\":true,\"valueName\":\"search_term_string\"}}],\"inLanguage\":\"es\"}]}<\/script>\n<!-- \/ Yoast SEO plugin. -->","yoast_head_json":{"title":"Aviso legal - Arkittec","robots":{"index":"noindex","follow":"follow"},"og_locale":"es_ES","og_type":"article","og_title":"Aviso legal - Arkittec","og_description":"AVISO LEGAL El acceso y uso de este sitio web est\u00e1 sujeto a las presentes condiciones de uso, el hecho de acceder y usar estas p\u00e1ginas implica la aceptaci\u00f3n plena y sin reservas de las presentes condiciones, por lo que le recomendamos que las lea atentamente. El usuario se compromete a utilizar la p\u00e1gina web [&hellip;]","og_url":"https:\/\/arkittec.com\/arquitectos\/aviso-legal\/","og_site_name":"Arkittec","article_modified_time":"2025-02-26T08:45:04+00:00","twitter_card":"summary_large_image","twitter_misc":{"Tiempo de lectura":"4 minutos"},"schema":{"@context":"https:\/\/schema.org","@graph":[{"@type":"WebPage","@id":"https:\/\/arkittec.com\/arquitectos\/aviso-legal\/","url":"https:\/\/arkittec.com\/arquitectos\/aviso-legal\/","name":"Aviso legal - Arkittec","isPartOf":{"@id":"https:\/\/arkittec.com\/arquitectos\/#website"},"datePublished":"2024-11-12T19:05:05+00:00","dateModified":"2025-02-26T08:45:04+00:00","breadcrumb":{"@id":"https:\/\/arkittec.com\/arquitectos\/aviso-legal\/#breadcrumb"},"inLanguage":"es","potentialAction":[{"@type":"ReadAction","target":["https:\/\/arkittec.com\/arquitectos\/aviso-legal\/"]}]},{"@type":"BreadcrumbList","@id":"https:\/\/arkittec.com\/arquitectos\/aviso-legal\/#breadcrumb","itemListElement":[{"@type":"ListItem","position":1,"name":"Portada","item":"https:\/\/arkittec.com\/arquitectos\/"},{"@type":"ListItem","position":2,"name":"Aviso legal"}]},{"@type":"WebSite","@id":"https:\/\/arkittec.com\/arquitectos\/#website","url":"https:\/\/arkittec.com\/arquitectos\/","name":"Arkittec","description":"Arquitectos Madrid","potentialAction":[{"@type":"SearchAction","target":{"@type":"EntryPoint","urlTemplate":"https:\/\/arkittec.com\/arquitectos\/?s={search_term_string}"},"query-input":{"@type":"PropertyValueSpecification","valueRequired":true,"valueName":"search_term_string"}}],"inLanguage":"es"}]}},"_links":{"self":[{"href":"https:\/\/arkittec.com\/arquitectos\/wp-json\/wp\/v2\/pages\/4752","targetHints":{"allow":["GET"]}}],"collection":[{"href":"https:\/\/arkittec.com\/arquitectos\/wp-json\/wp\/v2\/pages"}],"about":[{"href":"https:\/\/arkittec.com\/arquitectos\/wp-json\/wp\/v2\/types\/page"}],"author":[{"embeddable":true,"href":"https:\/\/arkittec.com\/arquitectos\/wp-json\/wp\/v2\/users\/2"}],"replies":[{"embeddable":true,"href":"https:\/\/arkittec.com\/arquitectos\/wp-json\/wp\/v2\/comments?post=4752"}],"version-history":[{"count":6,"href":"https:\/\/arkittec.com\/arquitectos\/wp-json\/wp\/v2\/pages\/4752\/revisions"}],"predecessor-version":[{"id":4979,"href":"https:\/\/arkittec.com\/arquitectos\/wp-json\/wp\/v2\/pages\/4752\/revisions\/4979"}],"wp:attachment":[{"href":"https:\/\/arkittec.com\/arquitectos\/wp-json\/wp\/v2\/media?parent=4752"}],"curies":[{"name":"wp","href":"https:\/\/api.w.org\/{rel}","templated":true}]}}